{"id":80,"date":"2025-03-12T13:57:42","date_gmt":"2025-03-12T12:57:42","guid":{"rendered":"http:\/\/rekrutacja.vilo.bydgoszcz.pl\/?page_id=80"},"modified":"2026-03-12T11:48:40","modified_gmt":"2026-03-12T10:48:40","slug":"oferta-edukacyjna","status":"publish","type":"page","link":"https:\/\/rekrutacja.vilo.bydgoszcz.pl\/?page_id=80","title":{"rendered":"Oferta Edukacyjna"},"content":{"rendered":"<div class=\"wp-block-image\">\n<figure class=\"aligncenter size-large\"><img fetchpriority=\"high\" decoding=\"async\" width=\"724\" height=\"1024\" src=\"http:\/\/rekrutacja.vilo.bydgoszcz.pl\/wp-content\/uploads\/2026\/03\/www.vilo_.bydgoszcz.pl_-724x1024.jpg\" alt=\"\" class=\"wp-image-241\" srcset=\"https:\/\/rekrutacja.vilo.bydgoszcz.pl\/wp-content\/uploads\/2026\/03\/www.vilo_.bydgoszcz.pl_-724x1024.jpg 724w, https:\/\/rekrutacja.vilo.bydgoszcz.pl\/wp-content\/uploads\/2026\/03\/www.vilo_.bydgoszcz.pl_-212x300.jpg 212w, https:\/\/rekrutacja.vilo.bydgoszcz.pl\/wp-content\/uploads\/2026\/03\/www.vilo_.bydgoszcz.pl_-768x1086.jpg 768w, https:\/\/rekrutacja.vilo.bydgoszcz.pl\/wp-content\/uploads\/2026\/03\/www.vilo_.bydgoszcz.pl_-1086x1536.jpg 1086w, https:\/\/rekrutacja.vilo.bydgoszcz.pl\/wp-content\/uploads\/2026\/03\/www.vilo_.bydgoszcz.pl_-1448x2048.jpg 1448w, https:\/\/rekrutacja.vilo.bydgoszcz.pl\/wp-content\/uploads\/2026\/03\/www.vilo_.bydgoszcz.pl_.jpg 1587w\" sizes=\"(max-width: 724px) 100vw, 724px\" \/><\/figure>\n<\/div>","protected":false},"excerpt":{"rendered":"","protected":false},"author":1,"featured_media":0,"parent":0,"menu_order":0,"comment_status":"closed","ping_status":"closed","template":"","meta":{"footnotes":""},"class_list":["post-80","page","type-page","status-publish","hentry"],"yoast_head":"<!-- This site is optimized with the Yoast SEO plugin v27.1.1 - https:\/\/yoast.com\/product\/yoast-seo-wordpress\/ -->\n<title>Oferta Edukacyjna - Rekrutacja 2026\/2027 - VI Liceum Og\u00f3lnokszta\u0142c\u0105ce im. Jana i J\u0119drzeja \u015aniadeckich<\/title>\n<meta name=\"robots\" content=\"index, follow, max-snippet:-1, max-image-preview:large, max-video-preview:-1\" \/>\n<link rel=\"canonical\" href=\"https:\/\/rekrutacja.vilo.bydgoszcz.pl\/?page_id=80\" \/>\n<meta property=\"og:locale\" content=\"pl_PL\" \/>\n<meta property=\"og:type\" content=\"article\" \/>\n<meta property=\"og:title\" content=\"Oferta Edukacyjna - Rekrutacja 2026\/2027 - VI Liceum Og\u00f3lnokszta\u0142c\u0105ce im. Jana i J\u0119drzeja \u015aniadeckich\" \/>\n<meta property=\"og:url\" content=\"https:\/\/rekrutacja.vilo.bydgoszcz.pl\/?page_id=80\" \/>\n<meta property=\"og:site_name\" content=\"Rekrutacja 2026\/2027 - VI Liceum Og\u00f3lnokszta\u0142c\u0105ce im. Jana i J\u0119drzeja \u015aniadeckich\" \/>\n<meta property=\"article:modified_time\" content=\"2026-03-12T10:48:40+00:00\" \/>\n<meta property=\"og:image\" content=\"http:\/\/rekrutacja.vilo.bydgoszcz.pl\/wp-content\/uploads\/2026\/03\/www.vilo_.bydgoszcz.pl_-724x1024.jpg\" \/>\n<meta name=\"twitter:card\" content=\"summary_large_image\" \/>\n<meta name=\"twitter:label1\" content=\"Szacowany czas czytania\" \/>\n\t<meta name=\"twitter:data1\" content=\"1 minuta\" \/>\n<script type=\"application\/ld+json\" class=\"yoast-schema-graph\">{\"@context\":\"https:\/\/schema.org\",\"@graph\":[{\"@type\":\"WebPage\",\"@id\":\"https:\/\/rekrutacja.vilo.bydgoszcz.pl\/?page_id=80\",\"url\":\"https:\/\/rekrutacja.vilo.bydgoszcz.pl\/?page_id=80\",\"name\":\"Oferta Edukacyjna - Rekrutacja 2026\/2027 - VI Liceum Og\u00f3lnokszta\u0142c\u0105ce im. Jana i J\u0119drzeja \u015aniadeckich\",\"isPartOf\":{\"@id\":\"https:\/\/rekrutacja.vilo.bydgoszcz.pl\/#website\"},\"primaryImageOfPage\":{\"@id\":\"https:\/\/rekrutacja.vilo.bydgoszcz.pl\/?page_id=80#primaryimage\"},\"image\":{\"@id\":\"https:\/\/rekrutacja.vilo.bydgoszcz.pl\/?page_id=80#primaryimage\"},\"thumbnailUrl\":\"http:\/\/rekrutacja.vilo.bydgoszcz.pl\/wp-content\/uploads\/2026\/03\/www.vilo_.bydgoszcz.pl_-724x1024.jpg\",\"datePublished\":\"2025-03-12T12:57:42+00:00\",\"dateModified\":\"2026-03-12T10:48:40+00:00\",\"breadcrumb\":{\"@id\":\"https:\/\/rekrutacja.vilo.bydgoszcz.pl\/?page_id=80#breadcrumb\"},\"inLanguage\":\"pl-PL\",\"potentialAction\":[{\"@type\":\"ReadAction\",\"target\":[\"https:\/\/rekrutacja.vilo.bydgoszcz.pl\/?page_id=80\"]}]},{\"@type\":\"ImageObject\",\"inLanguage\":\"pl-PL\",\"@id\":\"https:\/\/rekrutacja.vilo.bydgoszcz.pl\/?page_id=80#primaryimage\",\"url\":\"https:\/\/rekrutacja.vilo.bydgoszcz.pl\/wp-content\/uploads\/2026\/03\/www.vilo_.bydgoszcz.pl_.jpg\",\"contentUrl\":\"https:\/\/rekrutacja.vilo.bydgoszcz.pl\/wp-content\/uploads\/2026\/03\/www.vilo_.bydgoszcz.pl_.jpg\",\"width\":1587,\"height\":2245},{\"@type\":\"BreadcrumbList\",\"@id\":\"https:\/\/rekrutacja.vilo.bydgoszcz.pl\/?page_id=80#breadcrumb\",\"itemListElement\":[{\"@type\":\"ListItem\",\"position\":1,\"name\":\"Home\",\"item\":\"https:\/\/rekrutacja.vilo.bydgoszcz.pl\/\"},{\"@type\":\"ListItem\",\"position\":2,\"name\":\"Oferta Edukacyjna\"}]},{\"@type\":\"WebSite\",\"@id\":\"https:\/\/rekrutacja.vilo.bydgoszcz.pl\/#website\",\"url\":\"https:\/\/rekrutacja.vilo.bydgoszcz.pl\/\",\"name\":\"Rekrutacja 2026\/2027 - VI Liceum Og\u00f3lnokszta\u0142c\u0105ce im. Jana i J\u0119drzeja \u015aniadeckich\",\"description\":\"\",\"publisher\":{\"@id\":\"https:\/\/rekrutacja.vilo.bydgoszcz.pl\/#organization\"},\"potentialAction\":[{\"@type\":\"SearchAction\",\"target\":{\"@type\":\"EntryPoint\",\"urlTemplate\":\"https:\/\/rekrutacja.vilo.bydgoszcz.pl\/?s={search_term_string}\"},\"query-input\":{\"@type\":\"PropertyValueSpecification\",\"valueRequired\":true,\"valueName\":\"search_term_string\"}}],\"inLanguage\":\"pl-PL\"},{\"@type\":\"Organization\",\"@id\":\"https:\/\/rekrutacja.vilo.bydgoszcz.pl\/#organization\",\"name\":\"Rekrutacja 2026\/2027 - VI Liceum Og\u00f3lnokszta\u0142c\u0105ce im. Jana i J\u0119drzeja \u015aniadeckich\",\"url\":\"https:\/\/rekrutacja.vilo.bydgoszcz.pl\/\",\"logo\":{\"@type\":\"ImageObject\",\"inLanguage\":\"pl-PL\",\"@id\":\"https:\/\/rekrutacja.vilo.bydgoszcz.pl\/#\/schema\/logo\/image\/\",\"url\":\"https:\/\/rekrutacja.vilo.bydgoszcz.pl\/wp-content\/uploads\/2025\/03\/Projekt-bez-nazwy.webp\",\"contentUrl\":\"https:\/\/rekrutacja.vilo.bydgoszcz.pl\/wp-content\/uploads\/2025\/03\/Projekt-bez-nazwy.webp\",\"width\":500,\"height\":500,\"caption\":\"Rekrutacja 2026\/2027 - VI Liceum Og\u00f3lnokszta\u0142c\u0105ce  im. Jana i J\u0119drzeja \u015aniadeckich\"},\"image\":{\"@id\":\"https:\/\/rekrutacja.vilo.bydgoszcz.pl\/#\/schema\/logo\/image\/\"}}]}<\/script>\n<!-- \/ Yoast SEO plugin. -->","yoast_head_json":{"title":"Oferta Edukacyjna - Rekrutacja 2026\/2027 - VI Liceum Og\u00f3lnokszta\u0142c\u0105ce im. Jana i J\u0119drzeja \u015aniadeckich","robots":{"index":"index","follow":"follow","max-snippet":"max-snippet:-1","max-image-preview":"max-image-preview:large","max-video-preview":"max-video-preview:-1"},"canonical":"https:\/\/rekrutacja.vilo.bydgoszcz.pl\/?page_id=80","og_locale":"pl_PL","og_type":"article","og_title":"Oferta Edukacyjna - Rekrutacja 2026\/2027 - VI Liceum Og\u00f3lnokszta\u0142c\u0105ce im. Jana i J\u0119drzeja \u015aniadeckich","og_url":"https:\/\/rekrutacja.vilo.bydgoszcz.pl\/?page_id=80","og_site_name":"Rekrutacja 2026\/2027 - VI Liceum Og\u00f3lnokszta\u0142c\u0105ce im. Jana i J\u0119drzeja \u015aniadeckich","article_modified_time":"2026-03-12T10:48:40+00:00","og_image":[{"url":"http:\/\/rekrutacja.vilo.bydgoszcz.pl\/wp-content\/uploads\/2026\/03\/www.vilo_.bydgoszcz.pl_-724x1024.jpg","type":"","width":"","height":""}],"twitter_card":"summary_large_image","twitter_misc":{"Szacowany czas czytania":"1 minuta"},"schema":{"@context":"https:\/\/schema.org","@graph":[{"@type":"WebPage","@id":"https:\/\/rekrutacja.vilo.bydgoszcz.pl\/?page_id=80","url":"https:\/\/rekrutacja.vilo.bydgoszcz.pl\/?page_id=80","name":"Oferta Edukacyjna - Rekrutacja 2026\/2027 - VI Liceum Og\u00f3lnokszta\u0142c\u0105ce im. Jana i J\u0119drzeja \u015aniadeckich","isPartOf":{"@id":"https:\/\/rekrutacja.vilo.bydgoszcz.pl\/#website"},"primaryImageOfPage":{"@id":"https:\/\/rekrutacja.vilo.bydgoszcz.pl\/?page_id=80#primaryimage"},"image":{"@id":"https:\/\/rekrutacja.vilo.bydgoszcz.pl\/?page_id=80#primaryimage"},"thumbnailUrl":"http:\/\/rekrutacja.vilo.bydgoszcz.pl\/wp-content\/uploads\/2026\/03\/www.vilo_.bydgoszcz.pl_-724x1024.jpg","datePublished":"2025-03-12T12:57:42+00:00","dateModified":"2026-03-12T10:48:40+00:00","breadcrumb":{"@id":"https:\/\/rekrutacja.vilo.bydgoszcz.pl\/?page_id=80#breadcrumb"},"inLanguage":"pl-PL","potentialAction":[{"@type":"ReadAction","target":["https:\/\/rekrutacja.vilo.bydgoszcz.pl\/?page_id=80"]}]},{"@type":"ImageObject","inLanguage":"pl-PL","@id":"https:\/\/rekrutacja.vilo.bydgoszcz.pl\/?page_id=80#primaryimage","url":"https:\/\/rekrutacja.vilo.bydgoszcz.pl\/wp-content\/uploads\/2026\/03\/www.vilo_.bydgoszcz.pl_.jpg","contentUrl":"https:\/\/rekrutacja.vilo.bydgoszcz.pl\/wp-content\/uploads\/2026\/03\/www.vilo_.bydgoszcz.pl_.jpg","width":1587,"height":2245},{"@type":"BreadcrumbList","@id":"https:\/\/rekrutacja.vilo.bydgoszcz.pl\/?page_id=80#breadcrumb","itemListElement":[{"@type":"ListItem","position":1,"name":"Home","item":"https:\/\/rekrutacja.vilo.bydgoszcz.pl\/"},{"@type":"ListItem","position":2,"name":"Oferta Edukacyjna"}]},{"@type":"WebSite","@id":"https:\/\/rekrutacja.vilo.bydgoszcz.pl\/#website","url":"https:\/\/rekrutacja.vilo.bydgoszcz.pl\/","name":"Rekrutacja 2026\/2027 - VI Liceum Og\u00f3lnokszta\u0142c\u0105ce im. Jana i J\u0119drzeja \u015aniadeckich","description":"","publisher":{"@id":"https:\/\/rekrutacja.vilo.bydgoszcz.pl\/#organization"},"potentialAction":[{"@type":"SearchAction","target":{"@type":"EntryPoint","urlTemplate":"https:\/\/rekrutacja.vilo.bydgoszcz.pl\/?s={search_term_string}"},"query-input":{"@type":"PropertyValueSpecification","valueRequired":true,"valueName":"search_term_string"}}],"inLanguage":"pl-PL"},{"@type":"Organization","@id":"https:\/\/rekrutacja.vilo.bydgoszcz.pl\/#organization","name":"Rekrutacja 2026\/2027 - VI Liceum Og\u00f3lnokszta\u0142c\u0105ce im. Jana i J\u0119drzeja \u015aniadeckich","url":"https:\/\/rekrutacja.vilo.bydgoszcz.pl\/","logo":{"@type":"ImageObject","inLanguage":"pl-PL","@id":"https:\/\/rekrutacja.vilo.bydgoszcz.pl\/#\/schema\/logo\/image\/","url":"https:\/\/rekrutacja.vilo.bydgoszcz.pl\/wp-content\/uploads\/2025\/03\/Projekt-bez-nazwy.webp","contentUrl":"https:\/\/rekrutacja.vilo.bydgoszcz.pl\/wp-content\/uploads\/2025\/03\/Projekt-bez-nazwy.webp","width":500,"height":500,"caption":"Rekrutacja 2026\/2027 - VI Liceum Og\u00f3lnokszta\u0142c\u0105ce  im. Jana i J\u0119drzeja \u015aniadeckich"},"image":{"@id":"https:\/\/rekrutacja.vilo.bydgoszcz.pl\/#\/schema\/logo\/image\/"}}]}},"_links":{"self":[{"href":"https:\/\/rekrutacja.vilo.bydgoszcz.pl\/index.php?rest_route=\/wp\/v2\/pages\/80","targetHints":{"allow":["GET"]}}],"collection":[{"href":"https:\/\/rekrutacja.vilo.bydgoszcz.pl\/index.php?rest_route=\/wp\/v2\/pages"}],"about":[{"href":"https:\/\/rekrutacja.vilo.bydgoszcz.pl\/index.php?rest_route=\/wp\/v2\/types\/page"}],"author":[{"embeddable":true,"href":"https:\/\/rekrutacja.vilo.bydgoszcz.pl\/index.php?rest_route=\/wp\/v2\/users\/1"}],"replies":[{"embeddable":true,"href":"https:\/\/rekrutacja.vilo.bydgoszcz.pl\/index.php?rest_route=%2Fwp%2Fv2%2Fcomments&post=80"}],"version-history":[{"count":7,"href":"https:\/\/rekrutacja.vilo.bydgoszcz.pl\/index.php?rest_route=\/wp\/v2\/pages\/80\/revisions"}],"predecessor-version":[{"id":242,"href":"https:\/\/rekrutacja.vilo.bydgoszcz.pl\/index.php?rest_route=\/wp\/v2\/pages\/80\/revisions\/242"}],"wp:attachment":[{"href":"https:\/\/rekrutacja.vilo.bydgoszcz.pl\/index.php?rest_route=%2Fwp%2Fv2%2Fmedia&parent=80"}],"curies":[{"name":"wp","href":"https:\/\/api.w.org\/{rel}","templated":true}]}}