{"id":83,"date":"2025-03-12T13:58:59","date_gmt":"2025-03-12T12:58:59","guid":{"rendered":"http:\/\/rekrutacja.vilo.bydgoszcz.pl\/?page_id=83"},"modified":"2025-03-12T13:59:00","modified_gmt":"2025-03-12T12:59:00","slug":"szczegoly-rekrutacji","status":"publish","type":"page","link":"https:\/\/rekrutacja.vilo.bydgoszcz.pl\/?page_id=83","title":{"rendered":"Szczeg\u00f3\u0142y Rekrutacji"},"content":{"rendered":"","protected":false},"excerpt":{"rendered":"","protected":false},"author":1,"featured_media":0,"parent":0,"menu_order":0,"comment_status":"closed","ping_status":"closed","template":"","meta":{"footnotes":""},"class_list":["post-83","page","type-page","status-publish","hentry"],"yoast_head":"<!-- This site is optimized with the Yoast SEO plugin v27.1.1 - https:\/\/yoast.com\/product\/yoast-seo-wordpress\/ -->\n<title>Szczeg\u00f3\u0142y Rekrutacji - Rekrutacja 2026\/2027 - VI Liceum Og\u00f3lnokszta\u0142c\u0105ce im. Jana i J\u0119drzeja \u015aniadeckich<\/title>\n<meta name=\"robots\" content=\"index, follow, max-snippet:-1, max-image-preview:large, max-video-preview:-1\" \/>\n<link rel=\"canonical\" href=\"https:\/\/rekrutacja.vilo.bydgoszcz.pl\/?page_id=83\" \/>\n<meta property=\"og:locale\" content=\"pl_PL\" \/>\n<meta property=\"og:type\" content=\"article\" \/>\n<meta property=\"og:title\" content=\"Szczeg\u00f3\u0142y Rekrutacji - Rekrutacja 2026\/2027 - VI Liceum Og\u00f3lnokszta\u0142c\u0105ce im. Jana i J\u0119drzeja \u015aniadeckich\" \/>\n<meta property=\"og:url\" content=\"https:\/\/rekrutacja.vilo.bydgoszcz.pl\/?page_id=83\" \/>\n<meta property=\"og:site_name\" content=\"Rekrutacja 2026\/2027 - VI Liceum Og\u00f3lnokszta\u0142c\u0105ce im. Jana i J\u0119drzeja \u015aniadeckich\" \/>\n<meta property=\"article:modified_time\" content=\"2025-03-12T12:59:00+00:00\" \/>\n<meta name=\"twitter:card\" content=\"summary_large_image\" \/>\n<script type=\"application\/ld+json\" class=\"yoast-schema-graph\">{\"@context\":\"https:\/\/schema.org\",\"@graph\":[{\"@type\":\"WebPage\",\"@id\":\"https:\/\/rekrutacja.vilo.bydgoszcz.pl\/?page_id=83\",\"url\":\"https:\/\/rekrutacja.vilo.bydgoszcz.pl\/?page_id=83\",\"name\":\"Szczeg\u00f3\u0142y Rekrutacji - Rekrutacja 2026\/2027 - VI Liceum Og\u00f3lnokszta\u0142c\u0105ce im. Jana i J\u0119drzeja \u015aniadeckich\",\"isPartOf\":{\"@id\":\"https:\/\/rekrutacja.vilo.bydgoszcz.pl\/#website\"},\"datePublished\":\"2025-03-12T12:58:59+00:00\",\"dateModified\":\"2025-03-12T12:59:00+00:00\",\"breadcrumb\":{\"@id\":\"https:\/\/rekrutacja.vilo.bydgoszcz.pl\/?page_id=83#breadcrumb\"},\"inLanguage\":\"pl-PL\",\"potentialAction\":[{\"@type\":\"ReadAction\",\"target\":[\"https:\/\/rekrutacja.vilo.bydgoszcz.pl\/?page_id=83\"]}]},{\"@type\":\"BreadcrumbList\",\"@id\":\"https:\/\/rekrutacja.vilo.bydgoszcz.pl\/?page_id=83#breadcrumb\",\"itemListElement\":[{\"@type\":\"ListItem\",\"position\":1,\"name\":\"Home\",\"item\":\"https:\/\/rekrutacja.vilo.bydgoszcz.pl\/\"},{\"@type\":\"ListItem\",\"position\":2,\"name\":\"Szczeg\u00f3\u0142y Rekrutacji\"}]},{\"@type\":\"WebSite\",\"@id\":\"https:\/\/rekrutacja.vilo.bydgoszcz.pl\/#website\",\"url\":\"https:\/\/rekrutacja.vilo.bydgoszcz.pl\/\",\"name\":\"Rekrutacja 2026\/2027 - VI Liceum Og\u00f3lnokszta\u0142c\u0105ce im. Jana i J\u0119drzeja \u015aniadeckich\",\"description\":\"\",\"publisher\":{\"@id\":\"https:\/\/rekrutacja.vilo.bydgoszcz.pl\/#organization\"},\"potentialAction\":[{\"@type\":\"SearchAction\",\"target\":{\"@type\":\"EntryPoint\",\"urlTemplate\":\"https:\/\/rekrutacja.vilo.bydgoszcz.pl\/?s={search_term_string}\"},\"query-input\":{\"@type\":\"PropertyValueSpecification\",\"valueRequired\":true,\"valueName\":\"search_term_string\"}}],\"inLanguage\":\"pl-PL\"},{\"@type\":\"Organization\",\"@id\":\"https:\/\/rekrutacja.vilo.bydgoszcz.pl\/#organization\",\"name\":\"Rekrutacja 2026\/2027 - VI Liceum Og\u00f3lnokszta\u0142c\u0105ce im. Jana i J\u0119drzeja \u015aniadeckich\",\"url\":\"https:\/\/rekrutacja.vilo.bydgoszcz.pl\/\",\"logo\":{\"@type\":\"ImageObject\",\"inLanguage\":\"pl-PL\",\"@id\":\"https:\/\/rekrutacja.vilo.bydgoszcz.pl\/#\/schema\/logo\/image\/\",\"url\":\"https:\/\/rekrutacja.vilo.bydgoszcz.pl\/wp-content\/uploads\/2025\/03\/Projekt-bez-nazwy.webp\",\"contentUrl\":\"https:\/\/rekrutacja.vilo.bydgoszcz.pl\/wp-content\/uploads\/2025\/03\/Projekt-bez-nazwy.webp\",\"width\":500,\"height\":500,\"caption\":\"Rekrutacja 2026\/2027 - VI Liceum Og\u00f3lnokszta\u0142c\u0105ce  im. Jana i J\u0119drzeja \u015aniadeckich\"},\"image\":{\"@id\":\"https:\/\/rekrutacja.vilo.bydgoszcz.pl\/#\/schema\/logo\/image\/\"}}]}<\/script>\n<!-- \/ Yoast SEO plugin. -->","yoast_head_json":{"title":"Szczeg\u00f3\u0142y Rekrutacji - Rekrutacja 2026\/2027 - VI Liceum Og\u00f3lnokszta\u0142c\u0105ce im. Jana i J\u0119drzeja \u015aniadeckich","robots":{"index":"index","follow":"follow","max-snippet":"max-snippet:-1","max-image-preview":"max-image-preview:large","max-video-preview":"max-video-preview:-1"},"canonical":"https:\/\/rekrutacja.vilo.bydgoszcz.pl\/?page_id=83","og_locale":"pl_PL","og_type":"article","og_title":"Szczeg\u00f3\u0142y Rekrutacji - Rekrutacja 2026\/2027 - VI Liceum Og\u00f3lnokszta\u0142c\u0105ce im. Jana i J\u0119drzeja \u015aniadeckich","og_url":"https:\/\/rekrutacja.vilo.bydgoszcz.pl\/?page_id=83","og_site_name":"Rekrutacja 2026\/2027 - VI Liceum Og\u00f3lnokszta\u0142c\u0105ce im. Jana i J\u0119drzeja \u015aniadeckich","article_modified_time":"2025-03-12T12:59:00+00:00","twitter_card":"summary_large_image","schema":{"@context":"https:\/\/schema.org","@graph":[{"@type":"WebPage","@id":"https:\/\/rekrutacja.vilo.bydgoszcz.pl\/?page_id=83","url":"https:\/\/rekrutacja.vilo.bydgoszcz.pl\/?page_id=83","name":"Szczeg\u00f3\u0142y Rekrutacji - Rekrutacja 2026\/2027 - VI Liceum Og\u00f3lnokszta\u0142c\u0105ce im. Jana i J\u0119drzeja \u015aniadeckich","isPartOf":{"@id":"https:\/\/rekrutacja.vilo.bydgoszcz.pl\/#website"},"datePublished":"2025-03-12T12:58:59+00:00","dateModified":"2025-03-12T12:59:00+00:00","breadcrumb":{"@id":"https:\/\/rekrutacja.vilo.bydgoszcz.pl\/?page_id=83#breadcrumb"},"inLanguage":"pl-PL","potentialAction":[{"@type":"ReadAction","target":["https:\/\/rekrutacja.vilo.bydgoszcz.pl\/?page_id=83"]}]},{"@type":"BreadcrumbList","@id":"https:\/\/rekrutacja.vilo.bydgoszcz.pl\/?page_id=83#breadcrumb","itemListElement":[{"@type":"ListItem","position":1,"name":"Home","item":"https:\/\/rekrutacja.vilo.bydgoszcz.pl\/"},{"@type":"ListItem","position":2,"name":"Szczeg\u00f3\u0142y Rekrutacji"}]},{"@type":"WebSite","@id":"https:\/\/rekrutacja.vilo.bydgoszcz.pl\/#website","url":"https:\/\/rekrutacja.vilo.bydgoszcz.pl\/","name":"Rekrutacja 2026\/2027 - VI Liceum Og\u00f3lnokszta\u0142c\u0105ce im. Jana i J\u0119drzeja \u015aniadeckich","description":"","publisher":{"@id":"https:\/\/rekrutacja.vilo.bydgoszcz.pl\/#organization"},"potentialAction":[{"@type":"SearchAction","target":{"@type":"EntryPoint","urlTemplate":"https:\/\/rekrutacja.vilo.bydgoszcz.pl\/?s={search_term_string}"},"query-input":{"@type":"PropertyValueSpecification","valueRequired":true,"valueName":"search_term_string"}}],"inLanguage":"pl-PL"},{"@type":"Organization","@id":"https:\/\/rekrutacja.vilo.bydgoszcz.pl\/#organization","name":"Rekrutacja 2026\/2027 - VI Liceum Og\u00f3lnokszta\u0142c\u0105ce im. Jana i J\u0119drzeja \u015aniadeckich","url":"https:\/\/rekrutacja.vilo.bydgoszcz.pl\/","logo":{"@type":"ImageObject","inLanguage":"pl-PL","@id":"https:\/\/rekrutacja.vilo.bydgoszcz.pl\/#\/schema\/logo\/image\/","url":"https:\/\/rekrutacja.vilo.bydgoszcz.pl\/wp-content\/uploads\/2025\/03\/Projekt-bez-nazwy.webp","contentUrl":"https:\/\/rekrutacja.vilo.bydgoszcz.pl\/wp-content\/uploads\/2025\/03\/Projekt-bez-nazwy.webp","width":500,"height":500,"caption":"Rekrutacja 2026\/2027 - VI Liceum Og\u00f3lnokszta\u0142c\u0105ce  im. Jana i J\u0119drzeja \u015aniadeckich"},"image":{"@id":"https:\/\/rekrutacja.vilo.bydgoszcz.pl\/#\/schema\/logo\/image\/"}}]}},"_links":{"self":[{"href":"https:\/\/rekrutacja.vilo.bydgoszcz.pl\/index.php?rest_route=\/wp\/v2\/pages\/83","targetHints":{"allow":["GET"]}}],"collection":[{"href":"https:\/\/rekrutacja.vilo.bydgoszcz.pl\/index.php?rest_route=\/wp\/v2\/pages"}],"about":[{"href":"https:\/\/rekrutacja.vilo.bydgoszcz.pl\/index.php?rest_route=\/wp\/v2\/types\/page"}],"author":[{"embeddable":true,"href":"https:\/\/rekrutacja.vilo.bydgoszcz.pl\/index.php?rest_route=\/wp\/v2\/users\/1"}],"replies":[{"embeddable":true,"href":"https:\/\/rekrutacja.vilo.bydgoszcz.pl\/index.php?rest_route=%2Fwp%2Fv2%2Fcomments&post=83"}],"version-history":[{"count":1,"href":"https:\/\/rekrutacja.vilo.bydgoszcz.pl\/index.php?rest_route=\/wp\/v2\/pages\/83\/revisions"}],"predecessor-version":[{"id":84,"href":"https:\/\/rekrutacja.vilo.bydgoszcz.pl\/index.php?rest_route=\/wp\/v2\/pages\/83\/revisions\/84"}],"wp:attachment":[{"href":"https:\/\/rekrutacja.vilo.bydgoszcz.pl\/index.php?rest_route=%2Fwp%2Fv2%2Fmedia&parent=83"}],"curies":[{"name":"wp","href":"https:\/\/api.w.org\/{rel}","templated":true}]}}